{"id":3818,"date":"2015-05-06T09:52:33","date_gmt":"2015-05-06T09:52:33","guid":{"rendered":"http:\/\/mittecomm.com\/main\/?page_id=3818"},"modified":"2020-11-20T11:00:06","modified_gmt":"2020-11-20T10:00:06","slug":"pr","status":"publish","type":"page","link":"https:\/\/mittecomm.com\/en\/pr\/","title":{"rendered":"PR- \u00c9S TARTALOMMARKETING"},"content":{"rendered":"[vc_row type=&#8221;full_width_background&#8221; full_screen_row_position=&#8221;middle&#8221; scene_position=&#8221;center&#8221; text_color=&#8221;dark&#8221; text_align=&#8221;left&#8221; overlay_strength=&#8221;0.3&#8243; shape_divider_position=&#8221;bottom&#8221;][vc_column column_padding=&#8221;no-extra-padding&#8221; column_padding_position=&#8221;all&#8221; background_color_opacity=&#8221;1&#8243; background_hover_color_opacity=&#8221;1&#8243; column_link_target=&#8221;_self&#8221; column_shadow=&#8221;none&#8221; column_border_radius=&#8221;none&#8221; width=&#8221;1\/1&#8243; tablet_width_inherit=&#8221;default&#8221; tablet_text_alignment=&#8221;default&#8221; phone_text_alignment=&#8221;default&#8221; column_border_width=&#8221;none&#8221; column_border_style=&#8221;solid&#8221;][\/vc_column][\/vc_row][vc_row type=&#8221;in_container&#8221; full_screen_row_position=&#8221;middle&#8221; scene_position=&#8221;center&#8221; text_color=&#8221;dark&#8221; text_align=&#8221;left&#8221; top_padding=&#8221;33&#8243; overlay_strength=&#8221;0.3&#8243; shape_divider_position=&#8221;bottom&#8221;][vc_column column_padding=&#8221;no-extra-padding&#8221; column_padding_position=&#8221;all&#8221; background_color_opacity=&#8221;1&#8243; background_hover_color_opacity=&#8221;1&#8243; column_link_target=&#8221;_self&#8221; column_shadow=&#8221;none&#8221; column_border_radius=&#8221;none&#8221; width=&#8221;1\/1&#8243; tablet_width_inherit=&#8221;default&#8221; tablet_text_alignment=&#8221;default&#8221; phone_text_alignment=&#8221;default&#8221; column_border_width=&#8221;none&#8221; column_border_style=&#8221;solid&#8221;][divider line_type=&#8221;No Line&#8221; custom_height=&#8221;33&#8243;][divider line_type=&#8221;No Line&#8221; custom_height=&#8221;40&#8243;][vc_column_text]\n<h2><span style=\"font-weight: 400;\">Komplexen tekint\u00fcnk az online t\u00e9r \u00e9s a min\u0151s\u00e9gi tartalomgy\u00e1rt\u00e1s lehet\u0151s\u00e9geire. Manaps\u00e1g m\u00e1r nem el\u00e9g egy er\u0151s m\u00e1rk\u00e1t fel\u00e9p\u00edteni, az \u00e9rdekl\u0151d\u0151 \u00e9s befogad\u00f3 k\u00f6z\u00f6ns\u00e9get \u00e9s a v\u00e9lem\u00e9nyvez\u00e9r k\u00f6z\u00f6ss\u00e9get is alak\u00edtani kell.<\/span><\/h2>\n[\/vc_column_text][\/vc_column][\/vc_row][vc_row type=&#8221;in_container&#8221; full_screen_row_position=&#8221;middle&#8221; scene_position=&#8221;center&#8221; text_color=&#8221;dark&#8221; text_align=&#8221;left&#8221; overlay_strength=&#8221;0.3&#8243; shape_divider_position=&#8221;bottom&#8221;][vc_column column_padding=&#8221;no-extra-padding&#8221; column_padding_position=&#8221;all&#8221; background_color_opacity=&#8221;1&#8243; background_hover_color_opacity=&#8221;1&#8243; column_link_target=&#8221;_self&#8221; column_shadow=&#8221;none&#8221; column_border_radius=&#8221;none&#8221; width=&#8221;1\/1&#8243; tablet_width_inherit=&#8221;default&#8221; tablet_text_alignment=&#8221;default&#8221; phone_text_alignment=&#8221;default&#8221; column_border_width=&#8221;none&#8221; column_border_style=&#8221;solid&#8221;][vc_column_text]\n[\/vc_column_text][\/vc_column][\/vc_row][vc_row type=&#8221;in_container&#8221; full_screen_row_position=&#8221;middle&#8221; scene_position=&#8221;center&#8221; text_color=&#8221;dark&#8221; text_align=&#8221;left&#8221; overlay_strength=&#8221;0.3&#8243; shape_divider_position=&#8221;bottom&#8221;][vc_column column_padding=&#8221;no-extra-padding&#8221; column_padding_position=&#8221;all&#8221; background_color_opacity=&#8221;1&#8243; background_hover_color_opacity=&#8221;1&#8243; column_link_target=&#8221;_self&#8221; column_shadow=&#8221;none&#8221; column_border_radius=&#8221;none&#8221; width=&#8221;1\/2&#8243; tablet_width_inherit=&#8221;default&#8221; tablet_text_alignment=&#8221;default&#8221; phone_text_alignment=&#8221;default&#8221; column_border_width=&#8221;none&#8221; column_border_style=&#8221;solid&#8221;][vc_column_text]\n<h2><span style=\"color: #344879;\">PR\u00a0tan\u00e1csad\u00e1s \u00e9s kamp\u00e1nymenedzsment<br \/>\n<\/span><\/h2>\n<ul>\n<li style=\"font-weight: 400;\"><span style=\"font-weight: 400;\">piacelemz\u0151 \u00e9s strat\u00e9giai tervez\u0151 munka<\/span><\/li>\n<li style=\"font-weight: 400;\"><span style=\"font-weight: 400;\">r\u00f6videbb \u00e9s hosszabb kommunik\u00e1ci\u00f3s \u00e9s PR kamp\u00e1nyok tervez\u00e9se \u00e9s megval\u00f3s\u00edt\u00e1sa &#8211; egy, vagy t\u00f6bb eszk\u00f6zre szabva<\/span>\n<ul>\n<li style=\"font-weight: 400;\"><span style=\"font-weight: 400;\">n\u00f6velik a szervezet l\u00e1that\u00f3s\u00e1g\u00e1t \u00e9s szakmai pozicion\u00e1l\u00e1s\u00e1t<\/span><\/li>\n<li style=\"font-weight: 400;\"><span style=\"font-weight: 400;\">a c\u00e9g forgalomn\u00f6vel\u00e9s\u00e9nek t\u00e1mogat\u00e1sa<\/span><\/li>\n<\/ul>\n<\/li>\n<\/ul>\n[\/vc_column_text][\/vc_column][vc_column column_padding=&#8221;no-extra-padding&#8221; column_padding_position=&#8221;all&#8221; background_color_opacity=&#8221;1&#8243; background_hover_color_opacity=&#8221;1&#8243; column_link_target=&#8221;_self&#8221; column_shadow=&#8221;none&#8221; column_border_radius=&#8221;none&#8221; width=&#8221;1\/2&#8243; tablet_width_inherit=&#8221;default&#8221; tablet_text_alignment=&#8221;default&#8221; phone_text_alignment=&#8221;default&#8221; column_border_width=&#8221;none&#8221; column_border_style=&#8221;solid&#8221;][vc_column_text]\n<h2><span style=\"color: #344879;\">Sajt\u00f3esem\u00e9nyek szervez\u00e9se<\/span><\/h2>\n<ul>\n<li style=\"font-weight: 400;\"><span style=\"font-weight: 400;\">sajt\u00f3nyilv\u00e1nos esem\u00e9nyek forgat\u00f3k\u00f6nyv\u00e9nek meghat\u00e1roz\u00e1sa<\/span><\/li>\n<li style=\"font-weight: 400;\"><span style=\"font-weight: 400;\">sajt\u00f3kapcsolatok menedzsmentje<\/span><\/li>\n<li style=\"font-weight: 400;\"><span style=\"font-weight: 400;\">\u00fczenetek \u00e9s besz\u00e9dek \u00edr\u00e1sa <\/span><\/li>\n<\/ul>\n[\/vc_column_text][\/vc_column][\/vc_row][vc_row type=&#8221;full_width_background&#8221; full_screen_row_position=&#8221;middle&#8221; bg_image=&#8221;4483&#8243; bg_position=&#8221;center center&#8221; bg_repeat=&#8221;no-repeat&#8221; parallax_bg=&#8221;true&#8221; parallax_bg_speed=&#8221;slow&#8221; scene_position=&#8221;center&#8221; text_color=&#8221;dark&#8221; text_align=&#8221;left&#8221; top_padding=&#8221;166&#8243; bottom_padding=&#8221;166&#8243; overlay_strength=&#8221;0.3&#8243; shape_divider_position=&#8221;bottom&#8221;][vc_column column_padding=&#8221;no-extra-padding&#8221; column_padding_position=&#8221;all&#8221; background_color_opacity=&#8221;1&#8243; background_hover_color_opacity=&#8221;1&#8243; column_link_target=&#8221;_self&#8221; column_shadow=&#8221;none&#8221; column_border_radius=&#8221;none&#8221; width=&#8221;1\/1&#8243; tablet_width_inherit=&#8221;default&#8221; tablet_text_alignment=&#8221;default&#8221; phone_text_alignment=&#8221;default&#8221; column_border_width=&#8221;none&#8221; column_border_style=&#8221;solid&#8221;][image_with_animation image_url=&#8221;4486&#8243; alignment=&#8221;center&#8221; animation=&#8221;Fade In&#8221; border_radius=&#8221;none&#8221; box_shadow=&#8221;none&#8221; max_width=&#8221;100%&#8221;][\/vc_column][\/vc_row][vc_row type=&#8221;in_container&#8221; full_screen_row_position=&#8221;middle&#8221; scene_position=&#8221;center&#8221; text_color=&#8221;dark&#8221; text_align=&#8221;left&#8221; top_padding=&#8221;44&#8243; overlay_strength=&#8221;0.3&#8243; shape_divider_position=&#8221;bottom&#8221;][vc_column column_padding=&#8221;no-extra-padding&#8221; column_padding_position=&#8221;all&#8221; background_color_opacity=&#8221;1&#8243; background_hover_color_opacity=&#8221;1&#8243; column_link_target=&#8221;_self&#8221; column_shadow=&#8221;none&#8221; column_border_radius=&#8221;none&#8221; width=&#8221;1\/2&#8243; tablet_width_inherit=&#8221;default&#8221; tablet_text_alignment=&#8221;default&#8221; phone_text_alignment=&#8221;default&#8221; column_border_width=&#8221;none&#8221; column_border_style=&#8221;solid&#8221;][vc_column_text]\n<h2><span style=\"color: #344879;\">M\u00e9diafel\u00fclet-v\u00e1s\u00e1rl\u00e1s<\/span><\/h2>\n<ul>\n<li><span style=\"font-weight: 400;\">PR-cikkek \u00e9s hirdet\u00e9sek v\u00e1s\u00e1rl\u00e1sa \u00fcgyn\u00f6ks\u00e9gi kedvezm\u00e9nnyel<\/span><\/li>\n<li><span style=\"font-weight: 400;\">\u00fczenetek, sz\u00f6veg, kreat\u00edv koncepci\u00f3 \u00e9s design megalkot\u00e1sa<\/span><\/li>\n<\/ul>\n[\/vc_column_text][\/vc_column][vc_column column_padding=&#8221;no-extra-padding&#8221; column_padding_position=&#8221;all&#8221; background_color_opacity=&#8221;1&#8243; background_hover_color_opacity=&#8221;1&#8243; column_link_target=&#8221;_self&#8221; column_shadow=&#8221;none&#8221; column_border_radius=&#8221;none&#8221; width=&#8221;1\/2&#8243; tablet_width_inherit=&#8221;default&#8221; tablet_text_alignment=&#8221;default&#8221; phone_text_alignment=&#8221;default&#8221; column_border_width=&#8221;none&#8221; column_border_style=&#8221;solid&#8221;][vc_column_text]\n<h2><span style=\"color: #344879;\">Kreat\u00edv sz\u00f6veg\u00edr\u00e1s<\/span><\/h2>\n<ul>\n<li style=\"font-weight: 400;\"><span style=\"font-weight: 400;\">weboldal<\/span><\/li>\n<li style=\"font-weight: 400;\"><span style=\"font-weight: 400;\">k\u00f6z\u00f6ss\u00e9gi m\u00e9dia tartalmak<\/span><\/li>\n<li style=\"font-weight: 400;\"><span style=\"font-weight: 400;\">sajt\u00f3anyagok<\/span><\/li>\n<li style=\"font-weight: 400;\"><span style=\"font-weight: 400;\">bros\u00far\u00e1k<\/span><\/li>\n<\/ul>\n[\/vc_column_text][\/vc_column][\/vc_row][vc_row type=&#8221;full_width_background&#8221; full_screen_row_position=&#8221;middle&#8221; bg_image=&#8221;4485&#8243; bg_position=&#8221;center center&#8221; bg_repeat=&#8221;no-repeat&#8221; parallax_bg=&#8221;true&#8221; parallax_bg_speed=&#8221;slow&#8221; scene_position=&#8221;center&#8221; text_color=&#8221;dark&#8221; text_align=&#8221;left&#8221; top_padding=&#8221;133&#8243; bottom_padding=&#8221;133&#8243; overlay_strength=&#8221;0.3&#8243; shape_divider_position=&#8221;bottom&#8221;][vc_column column_padding=&#8221;no-extra-padding&#8221; column_padding_position=&#8221;all&#8221; background_color_opacity=&#8221;1&#8243; background_hover_color_opacity=&#8221;1&#8243; column_link_target=&#8221;_self&#8221; column_shadow=&#8221;none&#8221; column_border_radius=&#8221;none&#8221; width=&#8221;1\/1&#8243; tablet_width_inherit=&#8221;default&#8221; tablet_text_alignment=&#8221;default&#8221; phone_text_alignment=&#8221;default&#8221; column_border_width=&#8221;none&#8221; column_border_style=&#8221;solid&#8221;][\/vc_column][\/vc_row][vc_row type=&#8221;in_container&#8221; full_screen_row_position=&#8221;middle&#8221; scene_position=&#8221;center&#8221; text_color=&#8221;dark&#8221; text_align=&#8221;left&#8221; top_padding=&#8221;44&#8243; overlay_strength=&#8221;0.3&#8243; shape_divider_position=&#8221;bottom&#8221;][vc_column column_padding=&#8221;no-extra-padding&#8221; column_padding_position=&#8221;all&#8221; background_color_opacity=&#8221;1&#8243; background_hover_color_opacity=&#8221;1&#8243; column_link_target=&#8221;_self&#8221; column_shadow=&#8221;none&#8221; column_border_radius=&#8221;none&#8221; width=&#8221;1\/1&#8243; tablet_width_inherit=&#8221;default&#8221; tablet_text_alignment=&#8221;default&#8221; phone_text_alignment=&#8221;default&#8221; column_border_width=&#8221;none&#8221; column_border_style=&#8221;solid&#8221;][vc_column_text]\n<h2><span style=\"color: #344879;\">Kommunik\u00e1ci\u00f3s audit<\/span><\/h2>\n<ul>\n<li style=\"font-weight: 400;\"><span style=\"font-weight: 400;\">felm\u00e9r\u00e9s k\u00e9sz\u00edt\u00e9se<\/span><\/li>\n<li style=\"font-weight: 400;\"><span style=\"font-weight: 400;\">egy\u00e9ni \u00e9s csoportos m\u00e9lyinterj\u00fak<\/span><\/li>\n<li style=\"font-weight: 400;\"><span style=\"font-weight: 400;\">a kommunik\u00e1ci\u00f3s folyamatok tesztel\u00e9se<\/span><\/li>\n<li style=\"font-weight: 400;\"><span style=\"font-weight: 400;\">kommunik\u00e1ci\u00f3s t\u00e9rk\u00e9p k\u00e9sz\u00edt\u00e9se<\/span><\/li>\n<\/ul>\n<p>.[\/vc_column_text][\/vc_column][\/vc_row]\n","protected":false},"excerpt":{"rendered":"<p>[vc_row type=&#8221;full_width_background&#8221; full_screen_row_position=&#8221;middle&#8221; scene_position=&#8221;center&#8221; text_color=&#8221;dark&#8221; text_align=&#8221;left&#8221; overlay_strength=&#8221;0.3&#8243; shape_divider_position=&#8221;bottom&#8221;][vc_column column_padding=&#8221;no-extra-padding&#8221; column_padding_position=&#8221;all&#8221; background_color_opacity=&#8221;1&#8243; background_hover_color_opacity=&#8221;1&#8243; column_link_target=&#8221;_self&#8221; column_shadow=&#8221;none&#8221; column_border_radius=&#8221;none&#8221;&#8230;<\/p>\n","protected":false},"author":1,"featured_media":0,"parent":0,"menu_order":0,"comment_status":"open","ping_status":"open","template":"","meta":{"footnotes":"","_links_to":"","_links_to_target":""},"class_list":["post-3818","page","type-page","status-publish"],"yoast_head":"<!-- This site is optimized with the Yoast SEO plugin v23.7 - https:\/\/yoast.com\/wordpress\/plugins\/seo\/ -->\n<title>PR- \u00c9S TARTALOMMARKETING - MITTE Communications<\/title>\n<meta name=\"robots\" content=\"index, follow, max-snippet:-1, max-image-preview:large, max-video-preview:-1\" \/>\n<link rel=\"canonical\" href=\"https:\/\/mittecomm.com\/pr\/\" \/>\n<meta property=\"og:locale\" content=\"en_US\" \/>\n<meta property=\"og:type\" content=\"article\" \/>\n<meta property=\"og:title\" content=\"PR- \u00c9S TARTALOMMARKETING - MITTE Communications\" \/>\n<meta property=\"og:description\" content=\"[vc_row type=&#8221;full_width_background&#8221; full_screen_row_position=&#8221;middle&#8221; scene_position=&#8221;center&#8221; text_color=&#8221;dark&#8221; text_align=&#8221;left&#8221; overlay_strength=&#8221;0.3&#8243; shape_divider_position=&#8221;bottom&#8221;][vc_column column_padding=&#8221;no-extra-padding&#8221; column_padding_position=&#8221;all&#8221; background_color_opacity=&#8221;1&#8243; background_hover_color_opacity=&#8221;1&#8243; column_link_target=&#8221;_self&#8221; column_shadow=&#8221;none&#8221; column_border_radius=&#8221;none&#8221;...\" \/>\n<meta property=\"og:url\" content=\"https:\/\/mittecomm.com\/pr\/\" \/>\n<meta property=\"og:site_name\" content=\"MITTE Communications\" \/>\n<meta property=\"article:publisher\" content=\"https:\/\/www.facebook.com\/MitteCommunications\" \/>\n<meta property=\"article:modified_time\" content=\"2020-11-20T10:00:06+00:00\" \/>\n<meta name=\"twitter:label1\" content=\"Est. reading time\" \/>\n\t<meta name=\"twitter:data1\" content=\"5 minutes\" \/>\n<script type=\"application\/ld+json\" class=\"yoast-schema-graph\">{\"@context\":\"https:\/\/schema.org\",\"@graph\":[{\"@type\":\"WebPage\",\"@id\":\"https:\/\/mittecomm.com\/pr\/\",\"url\":\"https:\/\/mittecomm.com\/pr\/\",\"name\":\"PR- \u00c9S TARTALOMMARKETING - MITTE Communications\",\"isPartOf\":{\"@id\":\"https:\/\/mittecomm.com\/#website\"},\"datePublished\":\"2015-05-06T09:52:33+00:00\",\"dateModified\":\"2020-11-20T10:00:06+00:00\",\"breadcrumb\":{\"@id\":\"https:\/\/mittecomm.com\/pr\/#breadcrumb\"},\"inLanguage\":\"en-US\",\"potentialAction\":[{\"@type\":\"ReadAction\",\"target\":[\"https:\/\/mittecomm.com\/pr\/\"]}]},{\"@type\":\"BreadcrumbList\",\"@id\":\"https:\/\/mittecomm.com\/pr\/#breadcrumb\",\"itemListElement\":[{\"@type\":\"ListItem\",\"position\":1,\"name\":\"Home\",\"item\":\"https:\/\/mittecomm.com\/en\/\"},{\"@type\":\"ListItem\",\"position\":2,\"name\":\"PR- \u00c9S TARTALOMMARKETING\"}]},{\"@type\":\"WebSite\",\"@id\":\"https:\/\/mittecomm.com\/#website\",\"url\":\"https:\/\/mittecomm.com\/\",\"name\":\"MITTE Communications\",\"description\":\"Business focused. Value driven.\",\"potentialAction\":[{\"@type\":\"SearchAction\",\"target\":{\"@type\":\"EntryPoint\",\"urlTemplate\":\"https:\/\/mittecomm.com\/?s={search_term_string}\"},\"query-input\":{\"@type\":\"PropertyValueSpecification\",\"valueRequired\":true,\"valueName\":\"search_term_string\"}}],\"inLanguage\":\"en-US\"}]}<\/script>\n<!-- \/ Yoast SEO plugin. -->","yoast_head_json":{"title":"PR- \u00c9S TARTALOMMARKETING - MITTE Communications","robots":{"index":"index","follow":"follow","max-snippet":"max-snippet:-1","max-image-preview":"max-image-preview:large","max-video-preview":"max-video-preview:-1"},"canonical":"https:\/\/mittecomm.com\/pr\/","og_locale":"en_US","og_type":"article","og_title":"PR- \u00c9S TARTALOMMARKETING - MITTE Communications","og_description":"[vc_row type=&#8221;full_width_background&#8221; full_screen_row_position=&#8221;middle&#8221; scene_position=&#8221;center&#8221; text_color=&#8221;dark&#8221; text_align=&#8221;left&#8221; overlay_strength=&#8221;0.3&#8243; shape_divider_position=&#8221;bottom&#8221;][vc_column column_padding=&#8221;no-extra-padding&#8221; column_padding_position=&#8221;all&#8221; background_color_opacity=&#8221;1&#8243; background_hover_color_opacity=&#8221;1&#8243; column_link_target=&#8221;_self&#8221; column_shadow=&#8221;none&#8221; column_border_radius=&#8221;none&#8221;...","og_url":"https:\/\/mittecomm.com\/pr\/","og_site_name":"MITTE Communications","article_publisher":"https:\/\/www.facebook.com\/MitteCommunications","article_modified_time":"2020-11-20T10:00:06+00:00","twitter_misc":{"Est. reading time":"5 minutes"},"schema":{"@context":"https:\/\/schema.org","@graph":[{"@type":"WebPage","@id":"https:\/\/mittecomm.com\/pr\/","url":"https:\/\/mittecomm.com\/pr\/","name":"PR- \u00c9S TARTALOMMARKETING - MITTE Communications","isPartOf":{"@id":"https:\/\/mittecomm.com\/#website"},"datePublished":"2015-05-06T09:52:33+00:00","dateModified":"2020-11-20T10:00:06+00:00","breadcrumb":{"@id":"https:\/\/mittecomm.com\/pr\/#breadcrumb"},"inLanguage":"en-US","potentialAction":[{"@type":"ReadAction","target":["https:\/\/mittecomm.com\/pr\/"]}]},{"@type":"BreadcrumbList","@id":"https:\/\/mittecomm.com\/pr\/#breadcrumb","itemListElement":[{"@type":"ListItem","position":1,"name":"Home","item":"https:\/\/mittecomm.com\/en\/"},{"@type":"ListItem","position":2,"name":"PR- \u00c9S TARTALOMMARKETING"}]},{"@type":"WebSite","@id":"https:\/\/mittecomm.com\/#website","url":"https:\/\/mittecomm.com\/","name":"MITTE Communications","description":"Business focused. Value driven.","potentialAction":[{"@type":"SearchAction","target":{"@type":"EntryPoint","urlTemplate":"https:\/\/mittecomm.com\/?s={search_term_string}"},"query-input":{"@type":"PropertyValueSpecification","valueRequired":true,"valueName":"search_term_string"}}],"inLanguage":"en-US"}]}},"_links":{"self":[{"href":"https:\/\/mittecomm.com\/en\/wp-json\/wp\/v2\/pages\/3818"}],"collection":[{"href":"https:\/\/mittecomm.com\/en\/wp-json\/wp\/v2\/pages"}],"about":[{"href":"https:\/\/mittecomm.com\/en\/wp-json\/wp\/v2\/types\/page"}],"author":[{"embeddable":true,"href":"https:\/\/mittecomm.com\/en\/wp-json\/wp\/v2\/users\/1"}],"replies":[{"embeddable":true,"href":"https:\/\/mittecomm.com\/en\/wp-json\/wp\/v2\/comments?post=3818"}],"version-history":[{"count":10,"href":"https:\/\/mittecomm.com\/en\/wp-json\/wp\/v2\/pages\/3818\/revisions"}],"predecessor-version":[{"id":9492,"href":"https:\/\/mittecomm.com\/en\/wp-json\/wp\/v2\/pages\/3818\/revisions\/9492"}],"wp:attachment":[{"href":"https:\/\/mittecomm.com\/en\/wp-json\/wp\/v2\/media?parent=3818"}],"curies":[{"name":"wp","href":"https:\/\/api.w.org\/{rel}","templated":true}]}}