{"id":5523,"date":"2015-11-17T08:30:02","date_gmt":"2015-11-17T08:30:02","guid":{"rendered":"http:\/\/mittecomm.com\/trendkutatas\/?lang=en"},"modified":"2020-11-20T10:48:00","modified_gmt":"2020-11-20T09:48:00","slug":"trendkutatas","status":"publish","type":"page","link":"https:\/\/mittecomm.com\/en\/trendkutatas\/","title":{"rendered":"TREND \u00c9S J\u00d6V\u0150KUTAT\u00c1S"},"content":{"rendered":"[vc_row type=&#8221;full_width_background&#8221; bg_position=&#8221;left top&#8221; bg_repeat=&#8221;no-repeat&#8221; scene_position=&#8221;center&#8221; text_color=&#8221;dark&#8221; text_align=&#8221;left&#8221; top_padding=&#8221;50&#8243; bg_color=&#8221;#2a4b81&#8243; bottom_padding=&#8221;50&#8243;][vc_column width=&#8221;1\/1&#8243;][divider line_type=&#8221;No Line&#8221; custom_height=&#8221;40&#8243;][vc_column_text]\n<h2 style=\"text-align: center;\"><span style=\"color: #ffffff;\">Az \u00fczleti tervez\u00e9st megalapoz\u00f3 j\u00f6v\u0151kutat\u00e1s hat\u00e9konyan alkalmazhat\u00f3 \u00a0ipar\u00e1gi trendek \u00e9s v\u00e1llalati j\u00f6v\u0151k\u00e9pek felrajzol\u00e1s\u00e1ra.<\/span><\/h2>\n[\/vc_column_text][divider line_type=&#8221;No Line&#8221; custom_height=&#8221;40&#8243;][\/vc_column][\/vc_row][vc_row type=&#8221;full_width_background&#8221; bg_position=&#8221;left top&#8221; bg_repeat=&#8221;no-repeat&#8221; bg_color=&#8221;#ffffff&#8221; scene_position=&#8221;center&#8221; text_color=&#8221;dark&#8221; text_align=&#8221;left&#8221;][vc_column width=&#8221;1\/2&#8243;][divider line_type=&#8221;No Line&#8221; custom_height=&#8221;80&#8243;][vc_column_text]\n<h5><span style=\"color: #333333;\"><span style=\"font-weight: 400;\">A MITTE Communications a <\/span><b>trend-\u00e9s j\u00f6v\u0151kutat\u00e1st a fenntarthat\u00f3, hossz\u00fa t\u00e1v\u00fa \u00fczleti c\u00e9lok t\u00e1mogat\u00e1sa jegy\u00e9ben<\/b><span style=\"font-weight: 400;\"> v\u00e9gzi: 5-10 \u00e9vre is k\u00e9pes el\u0151revet\u00edteni egy-egy ipar\u00e1g \u00fczleti j\u00f6v\u0151k\u00e9p\u00e9t. <\/span><\/span><\/h5>\n<p><span style=\"color: #333333;\">\u00a0<\/span>[\/vc_column_text][divider line_type=&#8221;No Line&#8221; custom_height=&#8221;80&#8243;][\/vc_column][vc_column width=&#8221;1\/2&#8243;][divider line_type=&#8221;No Line&#8221; custom_height=&#8221;80&#8243;][vc_column_text]\n<h5><span style=\"color: #333333;\"><strong><b>Nemzetk\u00f6zi, region\u00e1lis, hazai k\u00f6z\u00e9p-\u00e9s nagyv\u00e1llalati szerepl\u0151k sz\u00e1m\u00e1ra egyar\u00e1nt hat\u00e9kony strat\u00e9giai- \u00e9s \u00fczleti tervez\u00e9st t\u00e1mogat\u00f3 m\u00f3dszer.<\/b><\/strong><\/span><\/h5>\n[\/vc_column_text][divider line_type=&#8221;No Line&#8221; custom_height=&#8221;80&#8243;][\/vc_column][\/vc_row][vc_row type=&#8221;full_width_content&#8221; bg_position=&#8221;center center&#8221; bg_repeat=&#8221;no-repeat&#8221; scene_position=&#8221;center&#8221; text_color=&#8221;dark&#8221; text_align=&#8221;left&#8221; parallax_bg=&#8221;true&#8221;][vc_column width=&#8221;1\/4&#8243;][image_with_animation image_url=&#8221;5577&#8243; animation=&#8221;Fade In&#8221; img_link_target=&#8221;_self&#8221;][\/vc_column][vc_column width=&#8221;1\/4&#8243;][image_with_animation image_url=&#8221;5578&#8243; animation=&#8221;Fade In&#8221; img_link_target=&#8221;_self&#8221;][\/vc_column][vc_column width=&#8221;1\/4&#8243;][image_with_animation image_url=&#8221;5576&#8243; animation=&#8221;Fade In&#8221; img_link_target=&#8221;_self&#8221;][\/vc_column][vc_column width=&#8221;1\/4&#8243;][image_with_animation image_url=&#8221;5582&#8243; animation=&#8221;Fade In&#8221; img_link_target=&#8221;_self&#8221;][\/vc_column][\/vc_row][vc_row type=&#8221;full_width_background&#8221; bg_position=&#8221;left top&#8221; bg_repeat=&#8221;no-repeat&#8221; scene_position=&#8221;center&#8221; text_color=&#8221;dark&#8221; text_align=&#8221;left&#8221;][vc_column width=&#8221;1\/1&#8243;][divider line_type=&#8221;No Line&#8221; custom_height=&#8221;80&#8243;][vc_column_text]\n<h2 style=\"text-align: center;\"><span style=\"color: #2a4b81;\"><strong><b>A TREND-\u00c9S J\u00d6V\u0150KUTAT\u00c1S LEHET<\/b><\/strong><\/span><\/h2>\n[\/vc_column_text][divider line_type=&#8221;Full Width Line&#8221; custom_height=&#8221;80&#8243;][vc_row_inner][vc_column_inner width=&#8221;1\/4&#8243;][image_with_animation image_url=&#8221;5513&#8243; alignment=&#8221;center&#8221; animation=&#8221;Fade In&#8221; img_link_target=&#8221;_self&#8221;][divider line_type=&#8221;No Line&#8221; custom_height=&#8221;20&#8243;][vc_column_text]\n<ul>\n<li><strong><span style=\"font-weight: 400;\">kock\u00e1zati t\u00e9nyez\u0151ket figyelembe vev\u0151 j\u00f6v\u0151k\u00e9p<\/span><\/strong><\/li>\n<\/ul>\n[\/vc_column_text][\/vc_column_inner][vc_column_inner width=&#8221;1\/4&#8243;][image_with_animation image_url=&#8221;5514&#8243; alignment=&#8221;center&#8221; animation=&#8221;Fade In&#8221; img_link_target=&#8221;_self&#8221;][divider line_type=&#8221;No Line&#8221; custom_height=&#8221;20&#8243;][vc_column_text]\n<ul>\n<li><strong><span style=\"font-weight: 400;\">strat\u00e9giai d\u00f6nt\u00e9shoz\u00e1st, \u00fczletfejleszt\u00e9st megalapoz\u00f3 d\u00f6nt\u00e9st\u00e1mogat\u00f3 anyag<\/span><\/strong><\/li>\n<\/ul>\n[\/vc_column_text][\/vc_column_inner][vc_column_inner width=&#8221;1\/4&#8243;][image_with_animation image_url=&#8221;5515&#8243; alignment=&#8221;center&#8221; animation=&#8221;Fade In&#8221; img_link_target=&#8221;_self&#8221;][divider line_type=&#8221;No Line&#8221; custom_height=&#8221;20&#8243;][vc_column_text]\n<ul>\n<li><strong><span style=\"font-weight: 400;\">beruh\u00e1z\u00e1sok el\u0151k\u00e9sz\u00edt\u00e9s\u00e9hez kapcsol\u00f3d\u00f3 el\u0151rejelz\u00e9s<\/span><\/strong><\/li>\n<\/ul>\n[\/vc_column_text][\/vc_column_inner][vc_column_inner width=&#8221;1\/4&#8243;][image_with_animation image_url=&#8221;5516&#8243; alignment=&#8221;center&#8221; animation=&#8221;Fade In&#8221; img_link_target=&#8221;_self&#8221;][divider line_type=&#8221;No Line&#8221; custom_height=&#8221;20&#8243;][vc_column_text]\n<p style=\"text-align: left;\">szervezeteken bel\u00fcli \u00e9s k\u00edv\u00fcli \u00fczleti v\u00e1ltoz\u00e1sok el\u0151rejelz\u0151je<\/p>\n[\/vc_column_text][\/vc_column_inner][\/vc_row_inner][divider line_type=&#8221;No Line&#8221; custom_height=&#8221;80&#8243;][\/vc_column][\/vc_row][vc_row type=&#8221;full_width_background&#8221; bg_position=&#8221;center center&#8221; bg_repeat=&#8221;no-repeat&#8221; bg_color=&#8221;#ffffff&#8221; scene_position=&#8221;center&#8221; text_color=&#8221;dark&#8221; text_align=&#8221;left&#8221; bg_image=&#8221;5512&#8243; parallax_bg=&#8221;true&#8221; top_padding=&#8221;122&#8243; bottom_padding=&#8221;122&#8243;][vc_column width=&#8221;1\/1&#8243;][image_with_animation image_url=&#8221;5490&#8243; alignment=&#8221;center&#8221; animation=&#8221;Fade In&#8221; img_link_target=&#8221;_self&#8221;][\/vc_column][\/vc_row][vc_row type=&#8221;full_width_content&#8221; bg_position=&#8221;left top&#8221; bg_repeat=&#8221;no-repeat&#8221; scene_position=&#8221;center&#8221; text_color=&#8221;dark&#8221; text_align=&#8221;left&#8221; bg_color=&#8221;#ffffff&#8221; vertically_center_columns=&#8221;true&#8221;][vc_column width=&#8221;1\/2&#8243; animation=&#8221;none&#8221; column_padding=&#8221;padding-5-percent&#8221; column_padding_position=&#8221;all&#8221; background_color_opacity=&#8221;1&#8243;][divider line_type=&#8221;No Line&#8221; custom_height=&#8221;80&#8243;][vc_column_text]\n<h2 style=\"text-align: left;\"><span style=\"color: #2a4b81;\"><strong><b>A TREND-\u00c9S J\u00d6V\u0150KUTAT\u00c1S TER\u00dcLETEI<\/b><\/strong><br \/>\n<\/span><\/h2>\n[\/vc_column_text][divider line_type=&#8221;Small Line&#8221; custom_height=&#8221;40&#8243;][vc_column_text]\n<h5>Kis-\u00e9s k\u00f6z\u00e9pv\u00e1llalatok, valamint nagyv\u00e1llalatok sz\u00e1m\u00e1ra \u00e9pp olyan hasznos lehet a trend-\u00e9s j\u00f6v\u0151kutat\u00e1s, mint vil\u00e1gszervezetek, valamint \u00e1llami, ipari \u00e9s akad\u00e9miai szerepl\u0151k sz\u00e1m\u00e1ra.<\/h5>\n<h5><span style=\"font-weight: 400;\">\u00c1zsi\u00e1t\u00f3l \u00c9szak-Amerik\u00e1ig bevett strat\u00e9giai eszk\u00f6z, hiszen <\/span>a lehets\u00e9ges kutat\u00e1si ter\u00fcletek k\u00f6re igen sz\u00e9les<span style=\"font-weight: 400;\">, legyen sz\u00f3 IT-szektorr\u00f3l, p\u00e9nz\u00fcgyr\u0151l, eg\u00e9szs\u00e9g\u00fcgyr\u0151l, \u00a0ingatlaniparr\u00f3l, energetikai szektorr\u00f3l, m\u00e9diapiacr\u00f3l, vagy \u00e9pp v\u00e1rostervez\u00e9sr\u0151l.<\/span><\/h5>\n<h5>A trend-\u00e9s j\u00f6v\u0151kutat\u00e1s hat\u00e9konyan felhaszn\u00e1lhat\u00f3 nemzetk\u00f6zi, region\u00e1lis, nemzeti \u00e9s nagyv\u00e1rosi szinten is<span style=\"font-weight: 400;\"> a kock\u00e1zati t\u00e9nyez\u0151ket figyelembe vev\u0151 strat\u00e9giai d\u00f6nt\u00e9shoz\u00e1shoz, tervk\u00e9sz\u00edt\u00e9shez, beruh\u00e1z\u00e1sok \u00e9s projektek megalapoz\u00e1s\u00e1hoz.<\/span><\/h5>\n[\/vc_column_text][divider line_type=&#8221;No Line&#8221; custom_height=&#8221;80&#8243;][\/vc_column][vc_column width=&#8221;1\/2&#8243;][image_with_animation image_url=&#8221;5509&#8243; animation=&#8221;Fade In From Bottom&#8221; img_link_target=&#8221;_self&#8221; alignment=&#8221;center&#8221;][\/vc_column][\/vc_row][vc_row type=&#8221;full_width_content&#8221; bg_position=&#8221;left top&#8221; bg_repeat=&#8221;no-repeat&#8221; scene_position=&#8221;center&#8221; text_color=&#8221;dark&#8221; text_align=&#8221;left&#8221; vertically_center_columns=&#8221;true&#8221; bg_color=&#8221;#ffffff&#8221;][vc_column width=&#8221;1\/2&#8243;][image_with_animation image_url=&#8221;5494&#8243; animation=&#8221;Fade In From Bottom&#8221; img_link_target=&#8221;_self&#8221; alignment=&#8221;center&#8221;][\/vc_column][vc_column width=&#8221;1\/2&#8243; animation=&#8221;none&#8221; column_padding=&#8221;padding-5-percent&#8221; column_padding_position=&#8221;all&#8221; background_color_opacity=&#8221;1&#8243;][divider line_type=&#8221;No Line&#8221; custom_height=&#8221;80&#8243;][vc_column_text]\n<h2 style=\"text-align: left;\"><span style=\"color: #333399;\"><strong><b>A TREND-\u00c9S J\u00d6V\u0150KUTAT\u00c1S M\u00d3DSZERTANA<\/b><\/strong><\/span><\/h2>\n[\/vc_column_text][divider line_type=&#8221;Small Line&#8221; custom_height=&#8221;40&#8243;][vc_column_text]\n<h5><span style=\"font-weight: 400;\">A trend-\u00e9s j\u00f6v\u0151kutat\u00e1s egyedi <\/span><b>m\u00f3dszertani alapokon nyugv\u00f3, ugyanakkor a hagyom\u00e1nyos \u00fczlettervez\u00e9si szempontokat is egyes\u00edt\u0151 el\u0151k\u00e9sz\u00edt\u00e9s<\/b><span style=\"font-weight: 400;\">sel indul: a m\u00f3dszertan kidolgoz\u00e1s\u00e1t\u00f3l a szak\u00e9rt\u0151i panelek kialak\u00edt\u00e1s\u00e1ig. <\/span><\/h5>\n<h5><b>A trend-\u00e9s j\u00f6v\u0151kutat\u00e1s m\u00f3dszertana:<\/b><\/h5>\n<ul>\n<li style=\"font-weight: 400;\">\n<h5><span style=\"font-weight: 400;\">a vizsg\u00e1lt ipar\u00e1gi ter\u00fclet azonos\u00edt\u00e1sa \u00e9s behat\u00f3 elemz\u00e9se <\/span><\/h5>\n<\/li>\n<li style=\"font-weight: 400;\">\n<h5><span style=\"font-weight: 400;\">a jelenlegi \u00e1llapot \u00e9s m\u00faltb\u00e9li fejl\u0151d\u00e9s felt\u00e1r\u00e1sa \u2013 ipar\u00e1gi trendek megfigyel\u00e9se, &#8211; az ipar\u00e1gi ter\u00fclet szak\u00e9rt\u0151inek bevon\u00e1s\u00e1val<\/span><\/h5>\n<\/li>\n<li style=\"font-weight: 400;\">\n<h5><span style=\"font-weight: 400;\">a j\u00f6v\u0151beli v\u00e1ltoz\u00e1st el\u0151id\u00e9z\u0151 t\u00e9nyez\u0151k, hajt\u00f3er\u0151k \u00f6sszefoglal\u00e1sa \u00e9s a j\u00f6v\u0151beli v\u00e1ltoz\u00e1s lehets\u00e9ges ir\u00e1nyainak felt\u00e1r\u00e1sa<\/span><\/h5>\n<\/li>\n<li style=\"font-weight: 400;\">\n<h5><span style=\"font-weight: 400;\">az \u00fczleti \u00e9s szervezeti c\u00e9lok t\u00e1mogat\u00e1s\u00e1ra szolg\u00e1l\u00f3 stat\u00e9giai tervez\u00e9s \u00e9s j\u00f6v\u0151k\u00e9p megalkot\u00e1sa<\/span><\/h5>\n<\/li>\n<\/ul>\n[\/vc_column_text][divider line_type=&#8221;No Line&#8221; custom_height=&#8221;80&#8243;][\/vc_column][\/vc_row][vc_row type=&#8221;full_width_content&#8221; bg_position=&#8221;left top&#8221; bg_repeat=&#8221;no-repeat&#8221; scene_position=&#8221;center&#8221; text_color=&#8221;dark&#8221; text_align=&#8221;left&#8221; bg_color=&#8221;#ffffff&#8221; vertically_center_columns=&#8221;true&#8221;][vc_column width=&#8221;1\/2&#8243; animation=&#8221;none&#8221; column_padding=&#8221;padding-5-percent&#8221; column_padding_position=&#8221;all&#8221; background_color_opacity=&#8221;1&#8243;][divider line_type=&#8221;No Line&#8221; custom_height=&#8221;80&#8243;][vc_column_text]\n<h2><span style=\"color: #333399;\"><b>A TREND-\u00c9S J\u00d6V\u0150KUTAT\u00c1S MINT STRAT\u00c9GIAI \u00dcZLETFEJLESZT\u00c9SI ESZK\u00d6Z<\/b><\/span><\/h2>\n<h2 style=\"text-align: left;\"><\/h2>\n[\/vc_column_text][divider line_type=&#8221;Small Line&#8221; custom_height=&#8221;40&#8243;][vc_column_text]\n<h5><span style=\"font-weight: 400;\">Egy szervezet vagy v\u00e1llalkoz\u00e1s sz\u00e1m\u00e1ra komoly versenyel\u0151nyt jelent, ha ismeri a saj\u00e1t \u00e9s az ipar\u00e1ga fejl\u0151d\u00e9s\u00e9t befoly\u00e1sol\u00f3 t\u00e9nyez\u0151ket, \u00e9s k\u00e9pes <\/span><b>\u00e1tl\u00e1tni<\/b> <b>a potenci\u00e1lis \u00fczleti modelleket, folyamatokat. <\/b><\/h5>\n<h5><span style=\"font-weight: 400;\">A trend-\u00e9s j\u00f6v\u0151kutat\u00e1s seg\u00edts\u00e9g\u00e9vel <\/span><b>kisz\u00e1m\u00edthat\u00f3<\/b><span style=\"font-weight: 400;\">bb\u00e1, tervezhet\u0151bb\u00e9 v\u00e1lnak az <\/span><b>\u00fczleti v\u00e1ltoz\u00e1sok<\/b><span style=\"font-weight: 400;\">, melyekkel r\u00f6vid- vagy hossz\u00fa t\u00e1von az adott szerepl\u0151 a vizsg\u00e1lni k\u00edv\u00e1nt ter\u00fcleten tal\u00e1lkozhat. Ezek ismeret\u00e9ben pedig <\/span><b>er\u0151s\u00edtheti ipar\u00e1gi poz\u00edci\u00f3j\u00e1t<\/b><span style=\"font-weight: 400;\">.<\/span><\/h5>\n<h5><span style=\"font-weight: 400;\">A trend-\u00e9s j\u00f6v\u0151kutat\u00e1s eredm\u00e9nyek\u00e9nt k\u00e9sz\u00edtett tervjavaslatban kifejt\u00e9sre ker\u00fclnek azok a m\u00f3dszerek is, melyek seg\u00edts\u00e9g\u00e9vel a <\/span><b>szervezet<\/b><span style=\"font-weight: 400;\"> vagy v\u00e1llalkoz\u00e1s <\/span><b>tev\u00e9kenys\u00e9ge tov\u00e1bbfejleszthet\u0151, ak\u00e1r kiterjeszthet\u0151 \u00e9s eredm\u00e9nyess\u00e9ge is n\u00f6velhet\u0151<\/b><span style=\"font-weight: 400;\">.<\/span><\/h5>\n<h5><span style=\"font-size: 16px; line-height: 1.5;\">\u00a0<\/span><\/h5>\n[\/vc_column_text][divider line_type=&#8221;No Line&#8221; custom_height=&#8221;80&#8243;][\/vc_column][vc_column width=&#8221;1\/2&#8243;][image_with_animation image_url=&#8221;5504&#8243; animation=&#8221;Fade In From Bottom&#8221; img_link_target=&#8221;_self&#8221; alignment=&#8221;center&#8221;][\/vc_column][\/vc_row]\n","protected":false},"excerpt":{"rendered":"<p>[vc_row type=&#8221;full_width_background&#8221; bg_position=&#8221;left top&#8221; bg_repeat=&#8221;no-repeat&#8221; scene_position=&#8221;center&#8221; text_color=&#8221;dark&#8221; text_align=&#8221;left&#8221; top_padding=&#8221;50&#8243; bg_color=&#8221;#2a4b81&#8243; bottom_padding=&#8221;50&#8243;][vc_column width=&#8221;1\/1&#8243;][divider line_type=&#8221;No Line&#8221; custom_height=&#8221;40&#8243;][vc_column_text]&#8230;<\/p>\n","protected":false},"author":1,"featured_media":9747,"parent":0,"menu_order":0,"comment_status":"open","ping_status":"closed","template":"","meta":{"footnotes":"","_links_to":"","_links_to_target":""},"class_list":["post-5523","page","type-page","status-publish","has-post-thumbnail"],"yoast_head":"<!-- This site is optimized with the Yoast SEO plugin v23.7 - https:\/\/yoast.com\/wordpress\/plugins\/seo\/ -->\n<title>TREND \u00c9S J\u00d6V\u0150KUTAT\u00c1S - MITTE Communications<\/title>\n<meta name=\"robots\" content=\"index, follow, max-snippet:-1, max-image-preview:large, max-video-preview:-1\" \/>\n<link rel=\"canonical\" href=\"https:\/\/mittecomm.com\/trendkutatas\/\" \/>\n<meta property=\"og:locale\" content=\"en_US\" \/>\n<meta property=\"og:type\" content=\"article\" \/>\n<meta property=\"og:title\" content=\"TREND \u00c9S J\u00d6V\u0150KUTAT\u00c1S - MITTE Communications\" \/>\n<meta property=\"og:description\" content=\"[vc_row type=&#8221;full_width_background&#8221; bg_position=&#8221;left top&#8221; bg_repeat=&#8221;no-repeat&#8221; scene_position=&#8221;center&#8221; text_color=&#8221;dark&#8221; text_align=&#8221;left&#8221; top_padding=&#8221;50&#8243; bg_color=&#8221;#2a4b81&#8243; bottom_padding=&#8221;50&#8243;][vc_column width=&#8221;1\/1&#8243;][divider line_type=&#8221;No Line&#8221; custom_height=&#8221;40&#8243;][vc_column_text]...\" \/>\n<meta property=\"og:url\" content=\"https:\/\/mittecomm.com\/trendkutatas\/\" \/>\n<meta property=\"og:site_name\" content=\"MITTE Communications\" \/>\n<meta property=\"article:publisher\" content=\"https:\/\/www.facebook.com\/MitteCommunications\" \/>\n<meta property=\"article:modified_time\" content=\"2020-11-20T09:48:00+00:00\" \/>\n<meta property=\"og:image\" content=\"https:\/\/mittecomm.com\/main\/wp-content\/uploads\/2015\/05\/kreativ_thumbnail.png\" \/>\n\t<meta property=\"og:image:width\" content=\"482\" \/>\n\t<meta property=\"og:image:height\" content=\"252\" \/>\n\t<meta property=\"og:image:type\" content=\"image\/png\" \/>\n<meta name=\"twitter:label1\" content=\"Est. reading time\" \/>\n\t<meta name=\"twitter:data1\" content=\"7 minutes\" \/>\n<script type=\"application\/ld+json\" class=\"yoast-schema-graph\">{\"@context\":\"https:\/\/schema.org\",\"@graph\":[{\"@type\":\"WebPage\",\"@id\":\"https:\/\/mittecomm.com\/trendkutatas\/\",\"url\":\"https:\/\/mittecomm.com\/trendkutatas\/\",\"name\":\"TREND \u00c9S J\u00d6V\u0150KUTAT\u00c1S - MITTE Communications\",\"isPartOf\":{\"@id\":\"https:\/\/mittecomm.com\/#website\"},\"primaryImageOfPage\":{\"@id\":\"https:\/\/mittecomm.com\/trendkutatas\/#primaryimage\"},\"image\":{\"@id\":\"https:\/\/mittecomm.com\/trendkutatas\/#primaryimage\"},\"thumbnailUrl\":\"https:\/\/mittecomm.com\/main\/wp-content\/uploads\/2015\/05\/kreativ_thumbnail.png\",\"datePublished\":\"2015-11-17T08:30:02+00:00\",\"dateModified\":\"2020-11-20T09:48:00+00:00\",\"breadcrumb\":{\"@id\":\"https:\/\/mittecomm.com\/trendkutatas\/#breadcrumb\"},\"inLanguage\":\"en-US\",\"potentialAction\":[{\"@type\":\"ReadAction\",\"target\":[\"https:\/\/mittecomm.com\/trendkutatas\/\"]}]},{\"@type\":\"ImageObject\",\"inLanguage\":\"en-US\",\"@id\":\"https:\/\/mittecomm.com\/trendkutatas\/#primaryimage\",\"url\":\"https:\/\/mittecomm.com\/main\/wp-content\/uploads\/2015\/05\/kreativ_thumbnail.png\",\"contentUrl\":\"https:\/\/mittecomm.com\/main\/wp-content\/uploads\/2015\/05\/kreativ_thumbnail.png\",\"width\":482,\"height\":252},{\"@type\":\"BreadcrumbList\",\"@id\":\"https:\/\/mittecomm.com\/trendkutatas\/#breadcrumb\",\"itemListElement\":[{\"@type\":\"ListItem\",\"position\":1,\"name\":\"Home\",\"item\":\"https:\/\/mittecomm.com\/en\/\"},{\"@type\":\"ListItem\",\"position\":2,\"name\":\"TREND \u00c9S J\u00d6V\u0150KUTAT\u00c1S\"}]},{\"@type\":\"WebSite\",\"@id\":\"https:\/\/mittecomm.com\/#website\",\"url\":\"https:\/\/mittecomm.com\/\",\"name\":\"MITTE Communications\",\"description\":\"Business focused. Value driven.\",\"potentialAction\":[{\"@type\":\"SearchAction\",\"target\":{\"@type\":\"EntryPoint\",\"urlTemplate\":\"https:\/\/mittecomm.com\/?s={search_term_string}\"},\"query-input\":{\"@type\":\"PropertyValueSpecification\",\"valueRequired\":true,\"valueName\":\"search_term_string\"}}],\"inLanguage\":\"en-US\"}]}<\/script>\n<!-- \/ Yoast SEO plugin. -->","yoast_head_json":{"title":"TREND \u00c9S J\u00d6V\u0150KUTAT\u00c1S - MITTE Communications","robots":{"index":"index","follow":"follow","max-snippet":"max-snippet:-1","max-image-preview":"max-image-preview:large","max-video-preview":"max-video-preview:-1"},"canonical":"https:\/\/mittecomm.com\/trendkutatas\/","og_locale":"en_US","og_type":"article","og_title":"TREND \u00c9S J\u00d6V\u0150KUTAT\u00c1S - MITTE Communications","og_description":"[vc_row type=&#8221;full_width_background&#8221; bg_position=&#8221;left top&#8221; bg_repeat=&#8221;no-repeat&#8221; scene_position=&#8221;center&#8221; text_color=&#8221;dark&#8221; text_align=&#8221;left&#8221; top_padding=&#8221;50&#8243; bg_color=&#8221;#2a4b81&#8243; bottom_padding=&#8221;50&#8243;][vc_column width=&#8221;1\/1&#8243;][divider line_type=&#8221;No Line&#8221; custom_height=&#8221;40&#8243;][vc_column_text]...","og_url":"https:\/\/mittecomm.com\/trendkutatas\/","og_site_name":"MITTE Communications","article_publisher":"https:\/\/www.facebook.com\/MitteCommunications","article_modified_time":"2020-11-20T09:48:00+00:00","og_image":[{"width":482,"height":252,"url":"https:\/\/mittecomm.com\/main\/wp-content\/uploads\/2015\/05\/kreativ_thumbnail.png","type":"image\/png"}],"twitter_misc":{"Est. reading time":"7 minutes"},"schema":{"@context":"https:\/\/schema.org","@graph":[{"@type":"WebPage","@id":"https:\/\/mittecomm.com\/trendkutatas\/","url":"https:\/\/mittecomm.com\/trendkutatas\/","name":"TREND \u00c9S J\u00d6V\u0150KUTAT\u00c1S - MITTE Communications","isPartOf":{"@id":"https:\/\/mittecomm.com\/#website"},"primaryImageOfPage":{"@id":"https:\/\/mittecomm.com\/trendkutatas\/#primaryimage"},"image":{"@id":"https:\/\/mittecomm.com\/trendkutatas\/#primaryimage"},"thumbnailUrl":"https:\/\/mittecomm.com\/main\/wp-content\/uploads\/2015\/05\/kreativ_thumbnail.png","datePublished":"2015-11-17T08:30:02+00:00","dateModified":"2020-11-20T09:48:00+00:00","breadcrumb":{"@id":"https:\/\/mittecomm.com\/trendkutatas\/#breadcrumb"},"inLanguage":"en-US","potentialAction":[{"@type":"ReadAction","target":["https:\/\/mittecomm.com\/trendkutatas\/"]}]},{"@type":"ImageObject","inLanguage":"en-US","@id":"https:\/\/mittecomm.com\/trendkutatas\/#primaryimage","url":"https:\/\/mittecomm.com\/main\/wp-content\/uploads\/2015\/05\/kreativ_thumbnail.png","contentUrl":"https:\/\/mittecomm.com\/main\/wp-content\/uploads\/2015\/05\/kreativ_thumbnail.png","width":482,"height":252},{"@type":"BreadcrumbList","@id":"https:\/\/mittecomm.com\/trendkutatas\/#breadcrumb","itemListElement":[{"@type":"ListItem","position":1,"name":"Home","item":"https:\/\/mittecomm.com\/en\/"},{"@type":"ListItem","position":2,"name":"TREND \u00c9S J\u00d6V\u0150KUTAT\u00c1S"}]},{"@type":"WebSite","@id":"https:\/\/mittecomm.com\/#website","url":"https:\/\/mittecomm.com\/","name":"MITTE Communications","description":"Business focused. Value driven.","potentialAction":[{"@type":"SearchAction","target":{"@type":"EntryPoint","urlTemplate":"https:\/\/mittecomm.com\/?s={search_term_string}"},"query-input":{"@type":"PropertyValueSpecification","valueRequired":true,"valueName":"search_term_string"}}],"inLanguage":"en-US"}]}},"_links":{"self":[{"href":"https:\/\/mittecomm.com\/en\/wp-json\/wp\/v2\/pages\/5523"}],"collection":[{"href":"https:\/\/mittecomm.com\/en\/wp-json\/wp\/v2\/pages"}],"about":[{"href":"https:\/\/mittecomm.com\/en\/wp-json\/wp\/v2\/types\/page"}],"author":[{"embeddable":true,"href":"https:\/\/mittecomm.com\/en\/wp-json\/wp\/v2\/users\/1"}],"replies":[{"embeddable":true,"href":"https:\/\/mittecomm.com\/en\/wp-json\/wp\/v2\/comments?post=5523"}],"version-history":[{"count":12,"href":"https:\/\/mittecomm.com\/en\/wp-json\/wp\/v2\/pages\/5523\/revisions"}],"predecessor-version":[{"id":9745,"href":"https:\/\/mittecomm.com\/en\/wp-json\/wp\/v2\/pages\/5523\/revisions\/9745"}],"wp:featuredmedia":[{"embeddable":true,"href":"https:\/\/mittecomm.com\/en\/wp-json\/wp\/v2\/media\/9747"}],"wp:attachment":[{"href":"https:\/\/mittecomm.com\/en\/wp-json\/wp\/v2\/media?parent=5523"}],"curies":[{"name":"wp","href":"https:\/\/api.w.org\/{rel}","templated":true}]}}